{"id":2462,"date":"2024-06-18T12:42:00","date_gmt":"2024-06-18T16:42:00","guid":{"rendered":"https:\/\/ramagaming.com\/accessibility\/"},"modified":"2024-06-25T11:36:07","modified_gmt":"2024-06-25T15:36:07","slug":"accessibility","status":"publish","type":"page","link":"https:\/\/ramagaming.com\/fr\/accessibility\/","title":{"rendered":"POLITIQUE SUR L\u2019ACCESSIBILIT\u00c9"},"content":{"rendered":"<p>[et_pb_section fb_built=&#8221;1&#8243; admin_label=&#8221;section&#8221; _builder_version=&#8221;4.16&#8243; global_colors_info=&#8221;{}&#8221;][et_pb_row admin_label=&#8221;Rang\u00e9e&#8221; _builder_version=&#8221;4.16&#8243; background_size=&#8221;initial&#8221; background_position=&#8221;top_left&#8221; background_repeat=&#8221;repeat&#8221; global_colors_info=&#8221;{}&#8221;][et_pb_column type=&#8221;4_4&#8243; _builder_version=&#8221;4.16&#8243; custom_padding=&#8221;|||&#8221; global_colors_info=&#8221;{}&#8221; custom_padding__hover=&#8221;|||&#8221;][et_pb_text admin_label=&#8221;Text&#8221; _builder_version=&#8221;4.24.2&#8243; background_size=&#8221;initial&#8221; background_position=&#8221;top_left&#8221; background_repeat=&#8221;repeat&#8221; hover_enabled=&#8221;0&#8243; global_colors_info=&#8221;{}&#8221; sticky_enabled=&#8221;0&#8243;]<\/p>\n<h1>POLITIQUE SUR L\u2019ACCESSIBILIT\u00c9<\/h1>\n<p>Rama Gaming House s\u2019engage \u00e0 garantir aux personnes handicap\u00e9es l\u2019\u00e9quit\u00e9 d\u2019acc\u00e8s et de participation. Nous nous engageons \u00e0 traiter les personnes handicap\u00e9es de mani\u00e8re \u00e0 leur permettre de pr\u00e9server leur dignit\u00e9 et leur autonomie. Nous croyons \u00e0 l\u2019int\u00e9gration et nous nous engageons \u00e0 r\u00e9pondre aux besoins des personnes handicap\u00e9es en temps opportun. \u00c0 cette fin, nous \u00e9liminons et pr\u00e9venons les obstacles \u00e0 l\u2019accessibilit\u00e9 et r\u00e9pondons aux exigences en mati\u00e8re d\u2019accessibilit\u00e9 \u00e9nonc\u00e9es dans la Loi sur l\u2019accessibilit\u00e9 pour les personnes handicap\u00e9es de l\u2019Ontario et les autres lois sur l\u2019accessibilit\u00e9 de l\u2019Ontario.<\/p>\n<p><strong>CODE DES DROITS DE LA PERSONNE DE L\u2019ONTARIO<\/strong><\/p>\n<p>Rama Gaming House s\u2019engage \u00e0 respecter ses obligations actuelles et continues en vertu du Code des droits de la personne de l\u2019Ontario sur la non-discrimination. Rama Gaming House comprend que ses obligations en vertu de la Loi de 2005 sur l\u2019accessibilit\u00e9 pour les personnes handicap\u00e9es de l\u2019Ontario (LAPHO) et ses normes d\u2019accessibilit\u00e9 ne remplacent ni ne limitent ses obligations en vertu du Code des droits de la personne de l\u2019Ontario ni ses obligations envers les personnes handicap\u00e9es en vertu de quelque autre loi.<\/p>\n<p><strong>FORMATION<\/strong><\/p>\n<p>En vertu des normes d\u2019accessibilit\u00e9 de l\u2019Ontario et des aspects du Code des droits de la personne de l\u2019Ontario relatifs aux personnes handicap\u00e9es, tous les employ\u00e9s recevront une formation sur l\u2019accessibilit\u00e9 du service \u00e0 la client\u00e8le. Il est obligatoire de conserver des dossiers de formation comprenant les dates auxquelles les formations ont \u00e9t\u00e9 dispens\u00e9es et le nombre de personnes qui les ont suivies.<\/p>\n<p><strong>COMMUNICATION ET DOCUMENTATION<\/strong><\/p>\n<p>Les employ\u00e9s qui interagissent avec la client\u00e8le re\u00e7oivent une formation sur l\u2019adoption d\u2019un mode de communication inclusif avec les personnes atteintes de diverses formes de handicap. Toute documentation demand\u00e9e en ce qui a trait \u00e0 la formation sera fournie sur demande.<\/p>\n<p><strong>APPAREILS FONCTIONNELS PERSONNELS<\/strong><\/p>\n<p>Nous invitons les clients pr\u00e9sentant un handicap \u00e0 utiliser leurs appareils fonctionnels personnels pourvu que lesdits appareils ne compromettent pas l\u2019int\u00e9grit\u00e9 ou les biens de l\u2019organisation.<\/p>\n<p><strong>AIDE FOURNIE<\/strong><\/p>\n<p>Il est possible que nous proposions d\u2019autres mesures raisonnables \u00e0 une personne handicap\u00e9e pour l\u2019aider \u00e0 obtenir nos biens et services, \u00e0 les utiliser ou \u00e0 en b\u00e9n\u00e9ficier.<\/p>\n<p><strong>AVIS D\u2019INTERRUPTION TEMPORAIRE<\/strong><\/p>\n<p>Nous ferons tous les efforts raisonnables pour aviser si possible la client\u00e8le de l\u2019indisponibilit\u00e9 de nos services. En cas d\u2019interruption inattendue, un avis bien visible sera affich\u00e9 sur place d\u00e8s que possible, de m\u00eame que sur le site Web du Cambridge Bingo Centre.<\/p>\n<p><strong>ANIMAUX DE SERVICE<\/strong><\/p>\n<p>Une personne handicap\u00e9e peut acc\u00e9der \u00e0 nos installations accompagn\u00e9e d\u2019un chien-guide ou d\u2019un animal de service dans les sections ouvertes au grand public.<\/p>\n<p><strong>PERSONNES DE SOUTIEN<\/strong><\/p>\n<p>Nous garantissons que les clients pr\u00e9sentant un handicap pourront entrer dans toutes nos installations accompagn\u00e9s d\u2019une personne de soutien, pourvu que les limites d\u2019\u00e2ge applicables soient respect\u00e9es. Une \u00ab personne de soutien \u00bb est, par rapport \u00e0 la personne handicap\u00e9e, une personne qui l\u2019accompagne pour lui offrir de l\u2019aide \u00e0 des fins diverses, par exemple la communication, les d\u00e9placements, les soins personnels, les besoins m\u00e9dicaux ou l\u2019acc\u00e8s \u00e0 des biens ou services.<\/p>\n<p><strong>MODIFICATIONS \u00c0 LA PR\u00c9SENTE POLITIQUE OU \u00c0 D\u2019AUTRES POLITIQUES<\/strong><\/p>\n<p>Nous nous sommes engag\u00e9s \u00e0 formuler des politiques qui respectent et encouragent la dignit\u00e9 et l\u2019autonomie des personnes handicap\u00e9es. \u00c0 cette fin, aucune modification ne sera apport\u00e9e \u00e0 quelque politique sans qu\u2019on en ait analys\u00e9 l\u2019incidence sur les personnes handicap\u00e9es. Toute politique qui ne respecte ou n\u2019encourage pas la dignit\u00e9 et l\u2019autonomie des personnes handicap\u00e9es sera modifi\u00e9e ou abolie.<\/p>\n<p><strong>COMMENTAIRES<\/strong><\/p>\n<p>Nous r\u00e9pondrons aux commentaires de nos clients en tenant compte de leur handicap. Les commentaires peuvent \u00eatre adress\u00e9s au directeur g\u00e9n\u00e9ral en personne, par \u00e9crit, par courriel ou par t\u00e9l\u00e9phone.<\/p>\n<p>[\/et_pb_text][\/et_pb_column][\/et_pb_row][\/et_pb_section]<\/p>\n","protected":false},"excerpt":{"rendered":"<p>POLITIQUE SUR L\u2019ACCESSIBILIT\u00c9 Rama Gaming House s\u2019engage \u00e0 garantir aux personnes handicap\u00e9es l\u2019\u00e9quit\u00e9 d\u2019acc\u00e8s et de participation. Nous nous engageons \u00e0 traiter les personnes handicap\u00e9es de mani\u00e8re \u00e0 leur permettre de pr\u00e9server leur dignit\u00e9 et leur autonomie. Nous croyons \u00e0 l\u2019int\u00e9gration et nous nous engageons \u00e0 r\u00e9pondre aux besoins des personnes handicap\u00e9es en temps opportun. [&hellip;]<\/p>\n","protected":false},"author":10,"featured_media":0,"parent":0,"menu_order":0,"comment_status":"closed","ping_status":"closed","template":"","meta":{"_et_pb_use_builder":"on","_et_pb_old_content":"","_et_gb_content_width":"","inline_featured_image":false,"iawp_total_views":3,"footnotes":""},"class_list":["post-2462","page","type-page","status-publish","hentry"],"yoast_head":"<!-- This site is optimized with the Yoast SEO plugin v25.2 - https:\/\/yoast.com\/wordpress\/plugins\/seo\/ -->\n<title>POLITIQUE SUR L\u2019ACCESSIBILIT\u00c9 - Rama Gaming House<\/title>\n<meta name=\"robots\" content=\"index, follow, max-snippet:-1, max-image-preview:large, max-video-preview:-1\" \/>\n<link rel=\"canonical\" href=\"https:\/\/ramagaming.com\/fr\/accessibility\/\" \/>\n<meta property=\"og:locale\" content=\"fr_FR\" \/>\n<meta property=\"og:type\" content=\"article\" \/>\n<meta property=\"og:title\" content=\"POLITIQUE SUR L\u2019ACCESSIBILIT\u00c9 - Rama Gaming House\" \/>\n<meta property=\"og:description\" content=\"POLITIQUE SUR L\u2019ACCESSIBILIT\u00c9 Rama Gaming House s\u2019engage \u00e0 garantir aux personnes handicap\u00e9es l\u2019\u00e9quit\u00e9 d\u2019acc\u00e8s et de participation. Nous nous engageons \u00e0 traiter les personnes handicap\u00e9es de mani\u00e8re \u00e0 leur permettre de pr\u00e9server leur dignit\u00e9 et leur autonomie. Nous croyons \u00e0 l\u2019int\u00e9gration et nous nous engageons \u00e0 r\u00e9pondre aux besoins des personnes handicap\u00e9es en temps opportun. [&hellip;]\" \/>\n<meta property=\"og:url\" content=\"https:\/\/ramagaming.com\/fr\/accessibility\/\" \/>\n<meta property=\"og:site_name\" content=\"Rama Gaming House\" \/>\n<meta property=\"article:publisher\" content=\"https:\/\/www.facebook.com\/ramagaminghouse\" \/>\n<meta property=\"article:modified_time\" content=\"2024-06-25T15:36:07+00:00\" \/>\n<meta name=\"twitter:card\" content=\"summary_large_image\" \/>\n<meta name=\"twitter:site\" content=\"@RamaGamingHouse\" \/>\n<meta name=\"twitter:label1\" content=\"Dur\u00e9e de lecture estim\u00e9e\" \/>\n\t<meta name=\"twitter:data1\" content=\"4 minutes\" \/>\n<!-- \/ Yoast SEO plugin. -->","yoast_head_json":{"title":"POLITIQUE SUR L\u2019ACCESSIBILIT\u00c9 - Rama Gaming House","robots":{"index":"index","follow":"follow","max-snippet":"max-snippet:-1","max-image-preview":"max-image-preview:large","max-video-preview":"max-video-preview:-1"},"canonical":"https:\/\/ramagaming.com\/fr\/accessibility\/","og_locale":"fr_FR","og_type":"article","og_title":"POLITIQUE SUR L\u2019ACCESSIBILIT\u00c9 - Rama Gaming House","og_description":"POLITIQUE SUR L\u2019ACCESSIBILIT\u00c9 Rama Gaming House s\u2019engage \u00e0 garantir aux personnes handicap\u00e9es l\u2019\u00e9quit\u00e9 d\u2019acc\u00e8s et de participation. Nous nous engageons \u00e0 traiter les personnes handicap\u00e9es de mani\u00e8re \u00e0 leur permettre de pr\u00e9server leur dignit\u00e9 et leur autonomie. Nous croyons \u00e0 l\u2019int\u00e9gration et nous nous engageons \u00e0 r\u00e9pondre aux besoins des personnes handicap\u00e9es en temps opportun. [&hellip;]","og_url":"https:\/\/ramagaming.com\/fr\/accessibility\/","og_site_name":"Rama Gaming House","article_publisher":"https:\/\/www.facebook.com\/ramagaminghouse","article_modified_time":"2024-06-25T15:36:07+00:00","twitter_card":"summary_large_image","twitter_site":"@RamaGamingHouse","twitter_misc":{"Dur\u00e9e de lecture estim\u00e9e":"4 minutes"},"schema":{"@context":"https:\/\/schema.org","@graph":[{"@type":"WebPage","@id":"https:\/\/ramagaming.com\/fr\/accessibility\/","url":"https:\/\/ramagaming.com\/fr\/accessibility\/","name":"POLITIQUE SUR L\u2019ACCESSIBILIT\u00c9 - Rama Gaming House","isPartOf":{"@id":"https:\/\/ramagaming.com\/fr\/#website"},"datePublished":"2024-06-18T16:42:00+00:00","dateModified":"2024-06-25T15:36:07+00:00","breadcrumb":{"@id":"https:\/\/ramagaming.com\/fr\/accessibility\/#breadcrumb"},"inLanguage":"fr-FR","potentialAction":[{"@type":"ReadAction","target":["https:\/\/ramagaming.com\/fr\/accessibility\/"]}]},{"@type":"BreadcrumbList","@id":"https:\/\/ramagaming.com\/fr\/accessibility\/#breadcrumb","itemListElement":[{"@type":"ListItem","position":1,"name":"Home","item":"https:\/\/ramagaming.com\/fr\/"},{"@type":"ListItem","position":2,"name":"POLITIQUE SUR L\u2019ACCESSIBILIT\u00c9"}]},{"@type":"WebSite","@id":"https:\/\/ramagaming.com\/fr\/#website","url":"https:\/\/ramagaming.com\/fr\/","name":"Rama Gaming House - Progressive Games & Bingo","description":"Our House is Your House","publisher":{"@id":"https:\/\/ramagaming.com\/fr\/#organization"},"potentialAction":[{"@type":"SearchAction","target":{"@type":"EntryPoint","urlTemplate":"https:\/\/ramagaming.com\/fr\/?s={search_term_string}"},"query-input":{"@type":"PropertyValueSpecification","valueRequired":true,"valueName":"search_term_string"}}],"inLanguage":"fr-FR"},{"@type":"Organization","@id":"https:\/\/ramagaming.com\/fr\/#organization","name":"Rama Gaming House - Progressive Games & Bingo","url":"https:\/\/ramagaming.com\/fr\/","logo":{"@type":"ImageObject","inLanguage":"fr-FR","@id":"https:\/\/ramagaming.com\/fr\/#\/schema\/logo\/image\/","url":"https:\/\/ramagaming.com\/wp-content\/uploads\/RGH-LOGO.svg","contentUrl":"https:\/\/ramagaming.com\/wp-content\/uploads\/RGH-LOGO.svg","width":"1920","height":"1080","caption":"Rama Gaming House - Progressive Games & Bingo"},"image":{"@id":"https:\/\/ramagaming.com\/fr\/#\/schema\/logo\/image\/"},"sameAs":["https:\/\/www.facebook.com\/ramagaminghouse","https:\/\/x.com\/RamaGamingHouse"]}]}},"_links":{"self":[{"href":"https:\/\/ramagaming.com\/fr\/wp-json\/wp\/v2\/pages\/2462","targetHints":{"allow":["GET"]}}],"collection":[{"href":"https:\/\/ramagaming.com\/fr\/wp-json\/wp\/v2\/pages"}],"about":[{"href":"https:\/\/ramagaming.com\/fr\/wp-json\/wp\/v2\/types\/page"}],"author":[{"embeddable":true,"href":"https:\/\/ramagaming.com\/fr\/wp-json\/wp\/v2\/users\/10"}],"replies":[{"embeddable":true,"href":"https:\/\/ramagaming.com\/fr\/wp-json\/wp\/v2\/comments?post=2462"}],"version-history":[{"count":5,"href":"https:\/\/ramagaming.com\/fr\/wp-json\/wp\/v2\/pages\/2462\/revisions"}],"predecessor-version":[{"id":2467,"href":"https:\/\/ramagaming.com\/fr\/wp-json\/wp\/v2\/pages\/2462\/revisions\/2467"}],"wp:attachment":[{"href":"https:\/\/ramagaming.com\/fr\/wp-json\/wp\/v2\/media?parent=2462"}],"curies":[{"name":"wp","href":"https:\/\/api.w.org\/{rel}","templated":true}]}}