{"id":1542,"date":"2023-05-01T14:09:58","date_gmt":"2023-05-01T18:09:58","guid":{"rendered":"https:\/\/ramagaming.com\/bingo-regulier\/"},"modified":"2023-06-11T15:32:42","modified_gmt":"2023-06-11T19:32:42","slug":"bingo-regulier","status":"publish","type":"page","link":"https:\/\/ramagaming.com\/fr\/bingo-regulier\/","title":{"rendered":"Bingo r\u00e9gulier"},"content":{"rendered":"<p>[et_pb_section fb_built=&#8221;1&#8243; _builder_version=&#8221;4.20.2&#8243; _module_preset=&#8221;default&#8221; background_enable_color=&#8221;off&#8221; global_colors_info=&#8221;{}&#8221;][et_pb_row _builder_version=&#8221;4.20.2&#8243; _module_preset=&#8221;default&#8221; global_colors_info=&#8221;{}&#8221;][et_pb_column type=&#8221;4_4&#8243; _builder_version=&#8221;4.20.2&#8243; _module_preset=&#8221;default&#8221; global_colors_info=&#8221;{}&#8221;][et_pb_text _builder_version=&#8221;4.21.0&#8243; _module_preset=&#8221;40665972-1b3c-444b-983f-22df6affa134&#8243; custom_margin=&#8221;||||false|false&#8221; global_colors_info=&#8221;{}&#8221;]<\/p>\n<h1>Bingo r\u00e9gulier<\/h1>\n<p>Les sessions r\u00e9guli\u00e8res de bingo se d\u00e9roulent du lundi au jeudi, \u00e0 raison de deux sessions par jour, \u00e0 16 heures et \u00e0 18 heures. Une semaine sur deux, du lundi au mercredi, deux sessions r\u00e9guli\u00e8res sont organis\u00e9es chaque jour \u00e0 16 heures et \u00e0 18 heures, suivies d&#8217;une session r\u00e9guli\u00e8re de bingo \u00e0 16 heures le jeudi. Chaque semaine, la session r\u00e9guli\u00e8re de bingo offre un tableau de prix de 1000 $, et le co\u00fbt d&#8217;un forfait est de seulement 25 $.<\/p>\n<p>[\/et_pb_text][\/et_pb_column][\/et_pb_row][\/et_pb_section][et_pb_section fb_built=&#8221;1&#8243; prev_background_color=&#8221;#ffffff&#8221; _builder_version=&#8221;4.21.0&#8243; _module_preset=&#8221;default&#8221; background_color=&#8221;#E9EBEF&#8221; top_divider_style=&#8221;wave&#8221; top_divider_height=&#8221;2rem&#8221; global_colors_info=&#8221;{}&#8221;][et_pb_row column_structure=&#8221;3_5,2_5&#8243; _builder_version=&#8221;4.20.2&#8243; _module_preset=&#8221;default&#8221; global_colors_info=&#8221;{}&#8221;][et_pb_column type=&#8221;3_5&#8243; _builder_version=&#8221;4.20.2&#8243; _module_preset=&#8221;default&#8221; global_colors_info=&#8221;{}&#8221;][et_pb_text _builder_version=&#8221;4.21.0&#8243; _module_preset=&#8221;40665972-1b3c-444b-983f-22df6affa134&#8243; custom_margin=&#8221;||0px||false|false&#8221; global_colors_info=&#8221;{}&#8221;]<\/p>\n<h2>Horaire du bingo r\u00e9gulier<\/h2>\n<p><strong>Caller de bingo pour Mississauga : Saryn<\/strong><br \/><strong>Caller de bingo pour Scarborough : Crystal<\/strong><\/p>\n<p><strong><\/strong><\/p>\n<p>[\/et_pb_text][et_pb_text module_class=&#8221;bingo-item&#8221; _builder_version=&#8221;4.21.0&#8243; _module_preset=&#8221;default&#8221; header_2_font=&#8221;Norwester||||||||&#8221; header_3_font=&#8221;Norwester||||||||&#8221; header_3_font_size=&#8221;1.77rem&#8221; background_color=&#8221;#FFFFFF&#8221; custom_margin=&#8221;11px||-3px||false|false&#8221; custom_padding=&#8221;1.25rem||1.25rem|1.25rem|true|false&#8221; hover_enabled=&#8221;0&#8243; custom_css_before=&#8221;content: %22book%22;&#8221; border_color_top=&#8221;rgba(0,0,0,0.15)&#8221; border_width_right=&#8221;0.2rem&#8221; border_color_right=&#8221;rgba(0,0,0,0.15)&#8221; border_width_bottom=&#8221;0.2rem&#8221; border_color_bottom=&#8221;rgba(0,0,0,0.15)&#8221; border_width_left=&#8221;1.25rem&#8221; border_color_left=&#8221;#149fec&#8221; global_colors_info=&#8221;{}&#8221; sticky_enabled=&#8221;0&#8243;]<\/p>\n<h3>Partie #1 (Bleu)<\/h3>\n<p>Ligne compl\u00e8te &#8211; 25$<br \/>Cerf-volant \u00e0 l&#8217;envers &#8211; 50$<br \/>T \u00e0 l&#8217;envers &#8211; 75$<\/p>\n<p>[\/et_pb_text][et_pb_text _builder_version=&#8221;4.21.0&#8243; _module_preset=&#8221;default&#8221; header_2_font=&#8221;Norwester||||||||&#8221; header_3_font=&#8221;Norwester||||||||&#8221; header_3_font_size=&#8221;1.77rem&#8221; background_color=&#8221;#FFFFFF&#8221; custom_margin=&#8221;||0px||false|false&#8221; custom_padding=&#8221;1.25rem||1.25rem|1.25rem|true|false&#8221; hover_enabled=&#8221;0&#8243; border_width_top=&#8221;0.2rem&#8221; border_color_top=&#8221;rgba(0,0,0,0.15)&#8221; border_width_right=&#8221;0.2rem&#8221; border_color_right=&#8221;rgba(0,0,0,0.15)&#8221; border_width_bottom=&#8221;0.2rem&#8221; border_color_bottom=&#8221;rgba(0,0,0,0.15)&#8221; border_width_left=&#8221;1.25rem&#8221; border_color_left=&#8221;#22ffff&#8221; global_colors_info=&#8221;{}&#8221; module_class=&#8221;bingo-item&#8221; custom_css_before=&#8221;content: %22extra%22;||color: #171e54;&#8221; sticky_enabled=&#8221;0&#8243;]<\/p>\n<h3>Partie #2 RAMA Champagne (Aqua)<\/h3>\n<p>Verre \u00e0 champagne dans les num\u00e9ros d\u00e9sign\u00e9s &#8211; Jusqu&#8217;\u00e0 2 000$<br \/>Consolation 50 % des ventes &#8211; Minimum de 25<\/p>\n<p>[\/et_pb_text][et_pb_text _builder_version=&#8221;4.21.0&#8243; _module_preset=&#8221;default&#8221; header_2_font=&#8221;Norwester||||||||&#8221; header_3_font=&#8221;Norwester||||||||&#8221; header_3_font_size=&#8221;1.77rem&#8221; background_color=&#8221;#FFFFFF&#8221; custom_margin=&#8221;||0px||false|false&#8221; custom_padding=&#8221;1.25rem||1.25rem|1.25rem|true|false&#8221; border_color_top=&#8221;rgba(0,0,0,0.15)&#8221; border_width_right=&#8221;0.2rem&#8221; border_color_right=&#8221;rgba(0,0,0,0.15)&#8221; border_width_bottom=&#8221;0.2rem&#8221; border_color_bottom=&#8221;rgba(0,0,0,0.15)&#8221; border_width_left=&#8221;1.25rem&#8221; border_color_left=&#8221;#feb40a&#8221; global_colors_info=&#8221;{}&#8221; module_class=&#8221;bingo-item&#8221; custom_css_before=&#8221;content: %22book%22;&#8221;]<\/p>\n<h3>Partie #3 (Orange)<\/h3>\n<p>Ligne du haut ou du bas &#8211; 25$<br \/>\nDeux lignes &#8211; 50$<br \/>\nBloc de neuf &#8211; 75$[\/et_pb_text][et_pb_text _builder_version=&#8221;4.21.0&#8243; _module_preset=&#8221;default&#8221; header_2_font=&#8221;Norwester||||||||&#8221; header_3_font=&#8221;Norwester||||||||&#8221; header_3_font_size=&#8221;1.77rem&#8221; background_color=&#8221;#FFFFFF&#8221; custom_margin=&#8221;||0px||false|false&#8221; custom_padding=&#8221;1.25rem||1.25rem|1.25rem|true|false&#8221; border_color_top=&#8221;rgba(0,0,0,0.15)&#8221; border_width_right=&#8221;0.2rem&#8221; border_color_right=&#8221;rgba(0,0,0,0.15)&#8221; border_width_bottom=&#8221;0.2rem&#8221; border_color_bottom=&#8221;rgba(0,0,0,0.15)&#8221; border_width_left=&#8221;1.25rem&#8221; border_color_left=&#8221;#fc79f4&#8243; global_colors_info=&#8221;{}&#8221; module_class=&#8221;bingo-item&#8221; custom_css_before=&#8221;content: %22extra%22;&#8221;]<\/p>\n<h3>Partie #4 Double Action<\/h3>\n<p>Deux lignes quelconques dans le num\u00e9ro d\u00e9sign\u00e9 &#8211; Jusqu&#8217;\u00e0 1 000 $<br \/>Consolation pour les parties de 1 \u00e0 4 &#8211; 50% des ventes<br \/>Consolation pour la partie 5 &#8211; 50% des ventes<\/p>\n<p>[\/et_pb_text][et_pb_text _builder_version=&#8221;4.21.0&#8243; _module_preset=&#8221;default&#8221; header_2_font=&#8221;Norwester||||||||&#8221; header_3_font=&#8221;Norwester||||||||&#8221; header_3_font_size=&#8221;1.77rem&#8221; background_color=&#8221;#FFFFFF&#8221; custom_margin=&#8221;||0px||false|false&#8221; custom_padding=&#8221;1.25rem||1.25rem|1.25rem|true|false&#8221; hover_enabled=&#8221;0&#8243; border_color_top=&#8221;rgba(0,0,0,0.15)&#8221; border_width_right=&#8221;0.2rem&#8221; border_color_right=&#8221;rgba(0,0,0,0.15)&#8221; border_width_bottom=&#8221;0.2rem&#8221; border_color_bottom=&#8221;rgba(0,0,0,0.15)&#8221; border_width_left=&#8221;1.25rem&#8221; border_color_left=&#8221;#16a440&#8243; global_colors_info=&#8221;{}&#8221; module_class=&#8221;bingo-item&#8221; custom_css_before=&#8221;content: %22book%22;&#8221; sticky_enabled=&#8221;0&#8243;]<\/p>\n<h3>Partie #5 (Vert)<\/h3>\n<p>Ensemble de 6 &#8211; 25$<br \/>\nLigne du bas &#8211; 50$<br \/>\nDeux lignes &#8211; 75$[\/et_pb_text][et_pb_text _builder_version=&#8221;4.21.0&#8243; _module_preset=&#8221;default&#8221; header_2_font=&#8221;Norwester||||||||&#8221; header_3_font=&#8221;Norwester||||||||&#8221; header_3_font_size=&#8221;1.77rem&#8221; background_color=&#8221;#FFFFFF&#8221; custom_margin=&#8221;||0px||false|false&#8221; custom_padding=&#8221;1.25rem||1.25rem|1.25rem|true|false&#8221; border_color_top=&#8221;rgba(0,0,0,0.15)&#8221; border_width_right=&#8221;0.2rem&#8221; border_color_right=&#8221;rgba(0,0,0,0.15)&#8221; border_width_bottom=&#8221;0.2rem&#8221; border_color_bottom=&#8221;rgba(0,0,0,0.15)&#8221; border_width_left=&#8221;1.25rem&#8221; border_color_left=&#8221;#c8cace&#8221; global_colors_info=&#8221;{}&#8221; module_class=&#8221;bingo-item&#8221; custom_css_before=&#8221;content: %22extra%22;&#8221;]<\/p>\n<h3>Partie #6 Ange 8<\/h3>\n<p>8 # dans les num\u00e9ros d\u00e9sign\u00e9s &#8211; Jusqu&#8217;\u00e0 400$<br \/>Consolation 50% des ventes<\/p>\n<p>[\/et_pb_text][et_pb_text _builder_version=&#8221;4.21.0&#8243; _module_preset=&#8221;default&#8221; header_2_font=&#8221;Norwester||||||||&#8221; header_3_font=&#8221;Norwester||||||||&#8221; header_3_font_size=&#8221;1.77rem&#8221; background_color=&#8221;#FFFFFF&#8221; custom_margin=&#8221;||0px||false|false&#8221; custom_padding=&#8221;1.25rem||1.25rem|1.25rem|true|false&#8221; border_color_top=&#8221;rgba(0,0,0,0.15)&#8221; border_width_right=&#8221;0.2rem&#8221; border_color_right=&#8221;rgba(0,0,0,0.15)&#8221; border_width_bottom=&#8221;0.2rem&#8221; border_color_bottom=&#8221;rgba(0,0,0,0.15)&#8221; border_width_left=&#8221;1.25rem&#8221; border_color_left=&#8221;#000000&#8243; global_colors_info=&#8221;{}&#8221; module_class=&#8221;bingo-item&#8221; custom_css_before=&#8221;content: %22extra%22;&#8221;]<\/p>\n<h3>Partie #7 Heart Jackpot (Noir)<\/h3>\n<p>Carte pleine au num\u00e9ro d\u00e9sign\u00e9 &#8211; Jusqu&#8217;\u00e0 4000$<br \/>Consolation 50 % des ventes &#8211; Minimum de 25<\/p>\n<p>[\/et_pb_text][et_pb_text _builder_version=&#8221;4.21.0&#8243; _module_preset=&#8221;default&#8221; header_2_font=&#8221;Norwester||||||||&#8221; header_3_font=&#8221;Norwester||||||||&#8221; header_3_font_size=&#8221;1.77rem&#8221; background_color=&#8221;#FFFFFF&#8221; custom_margin=&#8221;||0px||false|false&#8221; custom_padding=&#8221;1.25rem||1.25rem|1.25rem|true|false&#8221; hover_enabled=&#8221;0&#8243; border_color_top=&#8221;rgba(0,0,0,0.15)&#8221; border_width_right=&#8221;0.2rem&#8221; border_color_right=&#8221;rgba(0,0,0,0.15)&#8221; border_width_bottom=&#8221;0.2rem&#8221; border_color_bottom=&#8221;rgba(0,0,0,0.15)&#8221; border_width_left=&#8221;1.25rem&#8221; border_color_left=&#8221;#ffff0b&#8221; global_colors_info=&#8221;{}&#8221; module_class=&#8221;bingo-item&#8221; custom_css_before=&#8221;content: %22book%22;||color: #171e54;&#8221; sticky_enabled=&#8221;0&#8243;]<\/p>\n<h3>Partie #8 Dragon Jackpot (Jaune)<\/h3>\n<p>Carte pleine pour 500$<\/p>\n<p>[\/et_pb_text][\/et_pb_column][et_pb_column type=&#8221;2_5&#8243; _builder_version=&#8221;4.20.2&#8243; _module_preset=&#8221;default&#8221; global_colors_info=&#8221;{}&#8221;][et_pb_text _builder_version=&#8221;4.20.2&#8243; _module_preset=&#8221;40665972-1b3c-444b-983f-22df6affa134&#8243; global_colors_info=&#8221;{}&#8221;]<\/p>\n<h2>Ensemble de bingo<\/h2>\n<p>[\/et_pb_text][et_pb_text ul_type=&#8221;square&#8221; _builder_version=&#8221;4.20.2&#8243; _module_preset=&#8221;_initial&#8221; custom_margin=&#8221;||1.5rem||false|false&#8221; global_colors_info=&#8221;{}&#8221;]<\/p>\n<h4><strong>Prix de l&#8217;ensemble Gecko<\/strong><br \/>(1 machine par personne)<\/h4>\n<p>[\/et_pb_text][et_pb_text ul_type=&#8221;square&#8221; _builder_version=&#8221;4.21.0&#8243; _module_preset=&#8221;_initial&#8221; custom_margin=&#8221;||1.5rem||false|false&#8221; global_colors_info=&#8221;{}&#8221;]<\/p>\n<p><strong>25$ Ensemble Gecko<\/strong><\/p>\n<ul>\n<li>1 x 6 bandes de partie r\u00e9guli\u00e8re<\/li>\n<li>1 x 1 bande de Rama Champagne<\/li>\n<li>1 x 1 Double Action (5 parties)<\/li>\n<li>1 x 1 bande Heart Jackpot<\/li>\n<li>1 x 1 Bande \u00e0 tamponner<\/li>\n<\/ul>\n<p>[\/et_pb_text][et_pb_text ul_type=&#8221;square&#8221; _builder_version=&#8221;4.21.0&#8243; _module_preset=&#8221;_initial&#8221; custom_margin=&#8221;||1.5rem||false|false&#8221; global_colors_info=&#8221;{}&#8221;]<\/p>\n<p><strong>Achats suppl\u00e9mentaires : Gecko et feuilles<\/strong><\/p>\n<ul>\n<li>Champagne Rama 2 $ par bande simple<\/li>\n<li>Heart Jackpot 2$ par simple bande<\/li>\n<li>1 x 1 Livret Double Action <em>(5$)<\/em><\/li>\n<li>1 x 3 bande de parties r\u00e9guli\u00e8res <em>(5$)<\/em><\/li>\n<li>1 x 3 bande de parties r\u00e9guli\u00e8res <em>(5$)<\/em><\/li>\n<li>1 x 2 bande de parties r\u00e9guli\u00e8res <em>(3$)<\/em><\/li>\n<li>Pot \u00e0 2 <em>(2$)<\/em><\/li>\n<li>Angel 8 $1 &#8211; une carte avec 8 num\u00e9ros<\/li>\n<\/ul>\n<p>[\/et_pb_text][et_pb_text ul_type=&#8221;square&#8221; _builder_version=&#8221;4.21.0&#8243; _module_preset=&#8221;_initial&#8221; custom_margin=&#8221;||1.5rem||false|false&#8221; global_colors_info=&#8221;{}&#8221;]<\/p>\n<p><strong>Glossaire<\/strong><\/p>\n<ul>\n<li>La carte compl\u00e8te signifie le black-out<\/li>\n<li>Demandez \u00e0 notre personnel si vous avez besoin d&#8217;une copie papier des sch\u00e9mas de bingo de votre programme.<\/li>\n<\/ul>\n<p>Pour obtenir de plus amples renseignements sur ces jeux, veuillez consulter les documents suivants : R\u00e8gles des jeux de bingo, R\u00e8gles et r\u00e8glements de la maison et Chances de gagner.<\/p>\n<p>[\/et_pb_text][\/et_pb_column][\/et_pb_row][et_pb_row _builder_version=&#8221;4.20.2&#8243; _module_preset=&#8221;default&#8221; global_colors_info=&#8221;{}&#8221;][et_pb_column type=&#8221;4_4&#8243; _builder_version=&#8221;4.20.2&#8243; _module_preset=&#8221;default&#8221; global_colors_info=&#8221;{}&#8221;][et_pb_text _builder_version=&#8221;4.20.2&#8243; _module_preset=&#8221;default&#8221; text_orientation=&#8221;center&#8221; global_colors_info=&#8221;{}&#8221;]<\/p>\n<p>Note aux joueurs : Bien que tout soit mis en \u0153uvre pour assurer l&#8217;exactitude des informations figurant sur notre site web, aucune garantie d&#8217;exactitude ou d&#8217;exhaustivit\u00e9 n&#8217;est exprim\u00e9e ou sous-entendue. V\u00e9rifiez toujours le programme de la session au moment de l&#8217;achat.<\/p>\n<p>EN CAS DE MAUVAIS TEMPS, RAMA SE R\u00c9SERVE LE DROIT D&#8217;UTILISER UN PROGRAMME MODIFI\u00c9 OU D&#8217;ANNULER UNE OU PLUSIEURS SESSIONS CONSULTER LE SITE WEB OU LE NUM\u00c9RO DE LA HOTLINE POUR LA SESSION<\/p>\n<p>L&#8217;exactitude ou l&#8217;exhaustivit\u00e9 est exprim\u00e9e ou sous-entendue. V\u00e9rifiez toujours le programme de la session au moment de l&#8217;achat.<\/p>\n<p>[\/et_pb_text][\/et_pb_column][\/et_pb_row][\/et_pb_section]<\/p>\n","protected":false},"excerpt":{"rendered":"<p>Bingo r\u00e9gulier Les sessions r\u00e9guli\u00e8res de bingo se d\u00e9roulent du lundi au jeudi, \u00e0 raison de deux sessions par jour, \u00e0 16 heures et \u00e0 18 heures. Une semaine sur deux, du lundi au mercredi, deux sessions r\u00e9guli\u00e8res sont organis\u00e9es chaque jour \u00e0 16 heures et \u00e0 18 heures, suivies d&#8217;une session r\u00e9guli\u00e8re de bingo [&hellip;]<\/p>\n","protected":false},"author":10,"featured_media":0,"parent":0,"menu_order":0,"comment_status":"closed","ping_status":"closed","template":"","meta":{"_et_pb_use_builder":"on","_et_pb_old_content":"","_et_gb_content_width":"","inline_featured_image":false,"iawp_total_views":27,"footnotes":""},"class_list":["post-1542","page","type-page","status-publish","hentry"],"yoast_head":"<!-- This site is optimized with the Yoast SEO plugin v25.2 - https:\/\/yoast.com\/wordpress\/plugins\/seo\/ -->\n<title>Bingo r\u00e9gulier - Rama Gaming House<\/title>\n<meta name=\"robots\" content=\"index, follow, max-snippet:-1, max-image-preview:large, max-video-preview:-1\" \/>\n<link rel=\"canonical\" href=\"https:\/\/ramagaming.com\/fr\/bingo-regulier\/\" \/>\n<meta property=\"og:locale\" content=\"fr_FR\" \/>\n<meta property=\"og:type\" content=\"article\" \/>\n<meta property=\"og:title\" content=\"Bingo r\u00e9gulier - Rama Gaming House\" \/>\n<meta property=\"og:description\" content=\"Bingo r\u00e9gulier Les sessions r\u00e9guli\u00e8res de bingo se d\u00e9roulent du lundi au jeudi, \u00e0 raison de deux sessions par jour, \u00e0 16 heures et \u00e0 18 heures. Une semaine sur deux, du lundi au mercredi, deux sessions r\u00e9guli\u00e8res sont organis\u00e9es chaque jour \u00e0 16 heures et \u00e0 18 heures, suivies d&#039;une session r\u00e9guli\u00e8re de bingo [&hellip;]\" \/>\n<meta property=\"og:url\" content=\"https:\/\/ramagaming.com\/fr\/bingo-regulier\/\" \/>\n<meta property=\"og:site_name\" content=\"Rama Gaming House\" \/>\n<meta property=\"article:publisher\" content=\"https:\/\/www.facebook.com\/ramagaminghouse\" \/>\n<meta property=\"article:modified_time\" content=\"2023-06-11T19:32:42+00:00\" \/>\n<meta name=\"twitter:card\" content=\"summary_large_image\" \/>\n<meta name=\"twitter:site\" content=\"@RamaGamingHouse\" \/>\n<meta name=\"twitter:label1\" content=\"Dur\u00e9e de lecture estim\u00e9e\" \/>\n\t<meta name=\"twitter:data1\" content=\"7 minutes\" \/>\n<!-- \/ Yoast SEO plugin. -->","yoast_head_json":{"title":"Bingo r\u00e9gulier - Rama Gaming House","robots":{"index":"index","follow":"follow","max-snippet":"max-snippet:-1","max-image-preview":"max-image-preview:large","max-video-preview":"max-video-preview:-1"},"canonical":"https:\/\/ramagaming.com\/fr\/bingo-regulier\/","og_locale":"fr_FR","og_type":"article","og_title":"Bingo r\u00e9gulier - Rama Gaming House","og_description":"Bingo r\u00e9gulier Les sessions r\u00e9guli\u00e8res de bingo se d\u00e9roulent du lundi au jeudi, \u00e0 raison de deux sessions par jour, \u00e0 16 heures et \u00e0 18 heures. Une semaine sur deux, du lundi au mercredi, deux sessions r\u00e9guli\u00e8res sont organis\u00e9es chaque jour \u00e0 16 heures et \u00e0 18 heures, suivies d'une session r\u00e9guli\u00e8re de bingo [&hellip;]","og_url":"https:\/\/ramagaming.com\/fr\/bingo-regulier\/","og_site_name":"Rama Gaming House","article_publisher":"https:\/\/www.facebook.com\/ramagaminghouse","article_modified_time":"2023-06-11T19:32:42+00:00","twitter_card":"summary_large_image","twitter_site":"@RamaGamingHouse","twitter_misc":{"Dur\u00e9e de lecture estim\u00e9e":"7 minutes"},"schema":{"@context":"https:\/\/schema.org","@graph":[{"@type":"WebPage","@id":"https:\/\/ramagaming.com\/fr\/bingo-regulier\/","url":"https:\/\/ramagaming.com\/fr\/bingo-regulier\/","name":"Bingo r\u00e9gulier - Rama Gaming House","isPartOf":{"@id":"https:\/\/ramagaming.com\/fr\/#website"},"datePublished":"2023-05-01T18:09:58+00:00","dateModified":"2023-06-11T19:32:42+00:00","breadcrumb":{"@id":"https:\/\/ramagaming.com\/fr\/bingo-regulier\/#breadcrumb"},"inLanguage":"fr-FR","potentialAction":[{"@type":"ReadAction","target":["https:\/\/ramagaming.com\/fr\/bingo-regulier\/"]}]},{"@type":"BreadcrumbList","@id":"https:\/\/ramagaming.com\/fr\/bingo-regulier\/#breadcrumb","itemListElement":[{"@type":"ListItem","position":1,"name":"Home","item":"https:\/\/ramagaming.com\/fr\/"},{"@type":"ListItem","position":2,"name":"Bingo r\u00e9gulier"}]},{"@type":"WebSite","@id":"https:\/\/ramagaming.com\/fr\/#website","url":"https:\/\/ramagaming.com\/fr\/","name":"Rama Gaming House - Progressive Games & Bingo","description":"Our House is Your House","publisher":{"@id":"https:\/\/ramagaming.com\/fr\/#organization"},"potentialAction":[{"@type":"SearchAction","target":{"@type":"EntryPoint","urlTemplate":"https:\/\/ramagaming.com\/fr\/?s={search_term_string}"},"query-input":{"@type":"PropertyValueSpecification","valueRequired":true,"valueName":"search_term_string"}}],"inLanguage":"fr-FR"},{"@type":"Organization","@id":"https:\/\/ramagaming.com\/fr\/#organization","name":"Rama Gaming House - Progressive Games & Bingo","url":"https:\/\/ramagaming.com\/fr\/","logo":{"@type":"ImageObject","inLanguage":"fr-FR","@id":"https:\/\/ramagaming.com\/fr\/#\/schema\/logo\/image\/","url":"https:\/\/ramagaming.com\/wp-content\/uploads\/RGH-LOGO.svg","contentUrl":"https:\/\/ramagaming.com\/wp-content\/uploads\/RGH-LOGO.svg","width":"1920","height":"1080","caption":"Rama Gaming House - Progressive Games & Bingo"},"image":{"@id":"https:\/\/ramagaming.com\/fr\/#\/schema\/logo\/image\/"},"sameAs":["https:\/\/www.facebook.com\/ramagaminghouse","https:\/\/x.com\/RamaGamingHouse"]}]}},"_links":{"self":[{"href":"https:\/\/ramagaming.com\/fr\/wp-json\/wp\/v2\/pages\/1542","targetHints":{"allow":["GET"]}}],"collection":[{"href":"https:\/\/ramagaming.com\/fr\/wp-json\/wp\/v2\/pages"}],"about":[{"href":"https:\/\/ramagaming.com\/fr\/wp-json\/wp\/v2\/types\/page"}],"author":[{"embeddable":true,"href":"https:\/\/ramagaming.com\/fr\/wp-json\/wp\/v2\/users\/10"}],"replies":[{"embeddable":true,"href":"https:\/\/ramagaming.com\/fr\/wp-json\/wp\/v2\/comments?post=1542"}],"version-history":[{"count":2,"href":"https:\/\/ramagaming.com\/fr\/wp-json\/wp\/v2\/pages\/1542\/revisions"}],"predecessor-version":[{"id":1544,"href":"https:\/\/ramagaming.com\/fr\/wp-json\/wp\/v2\/pages\/1542\/revisions\/1544"}],"wp:attachment":[{"href":"https:\/\/ramagaming.com\/fr\/wp-json\/wp\/v2\/media?parent=1542"}],"curies":[{"name":"wp","href":"https:\/\/api.w.org\/{rel}","templated":true}]}}