{"id":1455,"date":"2023-03-27T09:53:14","date_gmt":"2023-03-27T13:53:14","guid":{"rendered":"https:\/\/ramagaming.com\/emplacements\/"},"modified":"2026-04-04T23:34:00","modified_gmt":"2026-04-05T03:34:00","slug":"succursales","status":"publish","type":"page","link":"https:\/\/ramagaming.com\/fr\/succursales\/","title":{"rendered":"Succursales"},"content":{"rendered":"<p>[et_pb_section fb_built=&#8221;1&#8243; _builder_version=&#8221;4.20.2&#8243; _module_preset=&#8221;default&#8221; background_color=&#8221;#E9EBEF&#8221; global_colors_info=&#8221;{}&#8221;][et_pb_row _builder_version=&#8221;4.20.2&#8243; _module_preset=&#8221;default&#8221; global_colors_info=&#8221;{}&#8221;][et_pb_column type=&#8221;4_4&#8243; _builder_version=&#8221;4.20.2&#8243; _module_preset=&#8221;default&#8221; global_colors_info=&#8221;{}&#8221;][et_pb_text _builder_version=&#8221;4.20.2&#8243; _module_preset=&#8221;40665972-1b3c-444b-983f-22df6affa134&#8243; global_colors_info=&#8221;{}&#8221;]<\/p>\n<h1>Succursales<\/h1>\n<p>Vous cherchez le Rama Gaming House le plus proche de chez vous ? Vous \u00eates au bon endroit! Notre bingo et nos jeux de style Vegas sont situ\u00e9s \u00e0 Mississauga et \u00e0 Scarborough, ce qui vous permet de profiter facilement de vos jeux et divertissements pr\u00e9f\u00e9r\u00e9s. S\u00e9lectionnez le Rama Gaming House le plus pr\u00e8s de chez vous et pr\u00e9parez-vous \u00e0 vivre une exp\u00e9rience de jeu palpitante.<\/p>\n<p>[\/et_pb_text][\/et_pb_column][\/et_pb_row][et_pb_row column_structure=&#8221;1_2,1_2&#8243; _builder_version=&#8221;4.27.2&#8243; _module_preset=&#8221;default&#8221; custom_padding=&#8221;0px|||||&#8221; hover_enabled=&#8221;0&#8243; global_colors_info=&#8221;{}&#8221; sticky_enabled=&#8221;0&#8243;][et_pb_column type=&#8221;1_2&#8243; _builder_version=&#8221;4.20.2&#8243; _module_preset=&#8221;default&#8221; global_colors_info=&#8221;{}&#8221;][et_pb_blurb title=&#8221;Mississauga&#8221; url=&#8221;@ET-DC@eyJkeW5hbWljIjp0cnVlLCJjb250ZW50IjoicG9zdF9saW5rX3VybF9sb2NhdGlvbiIsInNldHRpbmdzIjp7InBvc3RfaWQiOiIxOTIiLCJlbmFibGVfaHRtbCI6Im9mZiJ9fQ==@&#8221; image=&#8221;https:\/\/ramagaming.com\/wp-content\/uploads\/DSC09985.jpg&#8221; module_class=&#8221;card ratio-16-9&#8243; _builder_version=&#8221;4.27.2&#8243; _dynamic_attributes=&#8221;url,link_option_url&#8221; _module_preset=&#8221;default&#8221; header_level=&#8221;h3&#8243; header_font=&#8221;Norwester||||||||&#8221; background_color=&#8221;#FFFFFF&#8221; link_option_url=&#8221;@ET-DC@eyJkeW5hbWljIjp0cnVlLCJjb250ZW50IjoicG9zdF9saW5rX3VybF9sb2NhdGlvbiIsInNldHRpbmdzIjp7InBvc3RfaWQiOiIxOTIiLCJlbmFibGVfaHRtbCI6Im9mZiJ9fQ==@&#8221; box_shadow_style=&#8221;preset3&#8243; box_shadow_color=&#8221;rgba(0,0,0,0.2)&#8221; global_colors_info=&#8221;{}&#8221;]<\/p>\n2295 Battleford Rd, Mississauga, ON, Canada\n<p><a href=\"tel:(905) 821-7821\"><i class=\"fa-light fa-phone fa-sm\"><\/i> (905) 821-7821<\/a><\/p>\n<p><strong>Monday<\/strong>: 10:00 am &#8211; 3:00 am<br \/><strong>Tuesday<\/strong>: 10:00 am &#8211; 1:00 am<br \/><strong>Wednesday<\/strong>: 10:00 am &#8211; 1:00 am<br \/><strong>Thursday<\/strong>: 10:00 am &#8211; 1:00 am<br \/><strong>Friday<\/strong>: 10:00 am &#8211; 4:00 am<br \/><strong>Saturday<\/strong>: 10:00 am &#8211; 4:00 am<br \/><strong>Sunday<\/strong>: 10:00 am &#8211; 3:00 am<\/p>\n<p><a href=\"\/location\/scarborough\/\">View Location <i class=\"fa-regular fa-arrow-right\"><\/i><\/a><\/p>\n<p>[\/et_pb_blurb][\/et_pb_column][et_pb_column type=&#8221;1_2&#8243; _builder_version=&#8221;4.27.2&#8243; _module_preset=&#8221;default&#8221; hover_enabled=&#8221;0&#8243; global_colors_info=&#8221;{}&#8221; sticky_enabled=&#8221;0&#8243;][et_pb_blurb title=&#8221;Scarborough&#8221; url=&#8221;@ET-DC@eyJkeW5hbWljIjp0cnVlLCJjb250ZW50IjoicG9zdF9saW5rX3VybF9sb2NhdGlvbiIsInNldHRpbmdzIjp7InBvc3RfaWQiOiIyMzkiLCJlbmFibGVfaHRtbCI6Im9mZiJ9fQ==@&#8221; image=&#8221;https:\/\/ramagaming.com\/wp-content\/uploads\/Rama-Building-Fireworks.jpg&#8221; module_class=&#8221;card ratio-16-9&#8243; _builder_version=&#8221;4.24.2&#8243; _dynamic_attributes=&#8221;url,link_option_url&#8221; _module_preset=&#8221;default&#8221; header_level=&#8221;h3&#8243; header_font=&#8221;Norwester||||||||&#8221; background_color=&#8221;#FFFFFF&#8221; link_option_url=&#8221;@ET-DC@eyJkeW5hbWljIjp0cnVlLCJjb250ZW50IjoicG9zdF9saW5rX3VybF9sb2NhdGlvbiIsInNldHRpbmdzIjp7InBvc3RfaWQiOiIyMzkiLCJlbmFibGVfaHRtbCI6Im9mZiJ9fQ==@&#8221; box_shadow_style=&#8221;preset3&#8243; box_shadow_color=&#8221;rgba(0,0,0,0.2)&#8221; global_colors_info=&#8221;{}&#8221;]<\/p>\n991 Kennedy Rd, Scarborough, ON, Canada\n<p><a href=\"tel:(416) 752-2635\"><i class=\"fa-light fa-phone fa-sm\"><\/i> (416) 752-2635<\/a><\/p>\n<p><strong>Monday<\/strong>: 10:00 am &#8211; 3:00 am<br \/><strong>Tuesday<\/strong>: 10:00 am &#8211; 1:00 am<br \/><strong>Wednesday<\/strong>: 10:00 am &#8211; 1:00 am<br \/><strong>Thursday<\/strong>: 10:00 am &#8211; 1:00 am<br \/><strong>Friday<\/strong>: 10:00 am &#8211; 4:00 am<br \/><strong>Saturday<\/strong>: 10:00 am &#8211; 4:00 am<br \/><strong>Sunday<\/strong>: 10:00 am &#8211; 3:00 am<\/p>\n<p><a href=\"\/location\/scarborough\/\">View Location <i class=\"fa-regular fa-arrow-right\"><\/i><\/a><\/p>\n<p>[\/et_pb_blurb][et_pb_code _builder_version=&#8221;4.27.2&#8243; _module_preset=&#8221;default&#8221; global_colors_info=&#8221;{}&#8221;][\/et_pb_code][\/et_pb_column][\/et_pb_row][\/et_pb_section]<\/p>\n","protected":false},"excerpt":{"rendered":"<p>Succursales Vous cherchez le Rama Gaming House le plus proche de chez vous ? Vous \u00eates au bon endroit! Notre bingo et nos jeux de style Vegas sont situ\u00e9s \u00e0 Mississauga et \u00e0 Scarborough, ce qui vous permet de profiter facilement de vos jeux et divertissements pr\u00e9f\u00e9r\u00e9s. S\u00e9lectionnez le Rama Gaming House le plus pr\u00e8s [&hellip;]<\/p>\n","protected":false},"author":10,"featured_media":0,"parent":0,"menu_order":0,"comment_status":"closed","ping_status":"closed","template":"","meta":{"_et_pb_use_builder":"on","_et_pb_old_content":"","_et_gb_content_width":"","inline_featured_image":false,"iawp_total_views":16,"footnotes":""},"class_list":["post-1455","page","type-page","status-publish","hentry"],"yoast_head":"<!-- This site is optimized with the Yoast SEO plugin v25.2 - https:\/\/yoast.com\/wordpress\/plugins\/seo\/ -->\n<title>Succursales des Rama Gaming House<\/title>\n<meta name=\"description\" content=\"Rama Gaming House a deux succursales \u00e0 Mississauga et \u00e0 Scarborough, ce qui vous permet de profiter facilement de vos jeux pr\u00e9f\u00e9r\u00e9s !\" \/>\n<meta name=\"robots\" content=\"index, follow, max-snippet:-1, max-image-preview:large, max-video-preview:-1\" \/>\n<link rel=\"canonical\" href=\"https:\/\/ramagaming.com\/fr\/succursales\/\" \/>\n<meta property=\"og:locale\" content=\"fr_FR\" \/>\n<meta property=\"og:type\" content=\"article\" \/>\n<meta property=\"og:title\" content=\"Succursales des Rama Gaming House\" \/>\n<meta property=\"og:description\" content=\"Rama Gaming House a deux succursales \u00e0 Mississauga et \u00e0 Scarborough, ce qui vous permet de profiter facilement de vos jeux pr\u00e9f\u00e9r\u00e9s !\" \/>\n<meta property=\"og:url\" content=\"https:\/\/ramagaming.com\/fr\/succursales\/\" \/>\n<meta property=\"og:site_name\" content=\"Rama Gaming House\" \/>\n<meta property=\"article:publisher\" content=\"https:\/\/www.facebook.com\/ramagaminghouse\" \/>\n<meta property=\"article:modified_time\" content=\"2026-04-05T03:34:00+00:00\" \/>\n<meta name=\"twitter:card\" content=\"summary_large_image\" \/>\n<meta name=\"twitter:site\" content=\"@RamaGamingHouse\" \/>\n<meta name=\"twitter:label1\" content=\"Dur\u00e9e de lecture estim\u00e9e\" \/>\n\t<meta name=\"twitter:data1\" content=\"4 minutes\" \/>\n<!-- \/ Yoast SEO plugin. -->","yoast_head_json":{"title":"Succursales des Rama Gaming House","description":"Rama Gaming House a deux succursales \u00e0 Mississauga et \u00e0 Scarborough, ce qui vous permet de profiter facilement de vos jeux pr\u00e9f\u00e9r\u00e9s !","robots":{"index":"index","follow":"follow","max-snippet":"max-snippet:-1","max-image-preview":"max-image-preview:large","max-video-preview":"max-video-preview:-1"},"canonical":"https:\/\/ramagaming.com\/fr\/succursales\/","og_locale":"fr_FR","og_type":"article","og_title":"Succursales des Rama Gaming House","og_description":"Rama Gaming House a deux succursales \u00e0 Mississauga et \u00e0 Scarborough, ce qui vous permet de profiter facilement de vos jeux pr\u00e9f\u00e9r\u00e9s !","og_url":"https:\/\/ramagaming.com\/fr\/succursales\/","og_site_name":"Rama Gaming House","article_publisher":"https:\/\/www.facebook.com\/ramagaminghouse","article_modified_time":"2026-04-05T03:34:00+00:00","twitter_card":"summary_large_image","twitter_site":"@RamaGamingHouse","twitter_misc":{"Dur\u00e9e de lecture estim\u00e9e":"4 minutes"},"schema":{"@context":"https:\/\/schema.org","@graph":[{"@type":"WebPage","@id":"https:\/\/ramagaming.com\/fr\/succursales\/","url":"https:\/\/ramagaming.com\/fr\/succursales\/","name":"Succursales des Rama Gaming House","isPartOf":{"@id":"https:\/\/ramagaming.com\/fr\/#website"},"datePublished":"2023-03-27T13:53:14+00:00","dateModified":"2026-04-05T03:34:00+00:00","description":"Rama Gaming House a deux succursales \u00e0 Mississauga et \u00e0 Scarborough, ce qui vous permet de profiter facilement de vos jeux pr\u00e9f\u00e9r\u00e9s !","breadcrumb":{"@id":"https:\/\/ramagaming.com\/fr\/succursales\/#breadcrumb"},"inLanguage":"fr-FR","potentialAction":[{"@type":"ReadAction","target":["https:\/\/ramagaming.com\/fr\/succursales\/"]}]},{"@type":"BreadcrumbList","@id":"https:\/\/ramagaming.com\/fr\/succursales\/#breadcrumb","itemListElement":[{"@type":"ListItem","position":1,"name":"Home","item":"https:\/\/ramagaming.com\/fr\/"},{"@type":"ListItem","position":2,"name":"Succursales"}]},{"@type":"WebSite","@id":"https:\/\/ramagaming.com\/fr\/#website","url":"https:\/\/ramagaming.com\/fr\/","name":"Rama Gaming House - Progressive Games & Bingo","description":"Our House is Your House","publisher":{"@id":"https:\/\/ramagaming.com\/fr\/#organization"},"potentialAction":[{"@type":"SearchAction","target":{"@type":"EntryPoint","urlTemplate":"https:\/\/ramagaming.com\/fr\/?s={search_term_string}"},"query-input":{"@type":"PropertyValueSpecification","valueRequired":true,"valueName":"search_term_string"}}],"inLanguage":"fr-FR"},{"@type":"Organization","@id":"https:\/\/ramagaming.com\/fr\/#organization","name":"Rama Gaming House - Progressive Games & Bingo","url":"https:\/\/ramagaming.com\/fr\/","logo":{"@type":"ImageObject","inLanguage":"fr-FR","@id":"https:\/\/ramagaming.com\/fr\/#\/schema\/logo\/image\/","url":"https:\/\/ramagaming.com\/wp-content\/uploads\/RGH-LOGO.svg","contentUrl":"https:\/\/ramagaming.com\/wp-content\/uploads\/RGH-LOGO.svg","width":"1920","height":"1080","caption":"Rama Gaming House - Progressive Games & Bingo"},"image":{"@id":"https:\/\/ramagaming.com\/fr\/#\/schema\/logo\/image\/"},"sameAs":["https:\/\/www.facebook.com\/ramagaminghouse","https:\/\/x.com\/RamaGamingHouse"]}]}},"_links":{"self":[{"href":"https:\/\/ramagaming.com\/fr\/wp-json\/wp\/v2\/pages\/1455","targetHints":{"allow":["GET"]}}],"collection":[{"href":"https:\/\/ramagaming.com\/fr\/wp-json\/wp\/v2\/pages"}],"about":[{"href":"https:\/\/ramagaming.com\/fr\/wp-json\/wp\/v2\/types\/page"}],"author":[{"embeddable":true,"href":"https:\/\/ramagaming.com\/fr\/wp-json\/wp\/v2\/users\/10"}],"replies":[{"embeddable":true,"href":"https:\/\/ramagaming.com\/fr\/wp-json\/wp\/v2\/comments?post=1455"}],"version-history":[{"count":416,"href":"https:\/\/ramagaming.com\/fr\/wp-json\/wp\/v2\/pages\/1455\/revisions"}],"predecessor-version":[{"id":8717,"href":"https:\/\/ramagaming.com\/fr\/wp-json\/wp\/v2\/pages\/1455\/revisions\/8717"}],"wp:attachment":[{"href":"https:\/\/ramagaming.com\/fr\/wp-json\/wp\/v2\/media?parent=1455"}],"curies":[{"name":"wp","href":"https:\/\/api.w.org\/{rel}","templated":true}]}}