{"id":1436,"date":"2023-03-27T09:53:14","date_gmt":"2023-03-27T13:53:14","guid":{"rendered":"https:\/\/ramagaming.com\/bingo\/"},"modified":"2025-11-24T15:00:29","modified_gmt":"2025-11-24T20:00:29","slug":"bingo","status":"publish","type":"page","link":"https:\/\/ramagaming.com\/fr\/bingo\/","title":{"rendered":"Bingo"},"content":{"rendered":"<p>[et_pb_section fb_built=&#8221;1&#8243; _builder_version=&#8221;4.20.2&#8243; _module_preset=&#8221;default&#8221; background_color=&#8221;#E9EBEF&#8221; locked=&#8221;off&#8221; global_colors_info=&#8221;{}&#8221; disabled_on=&#8221;on|on|on&#8221; disabled=&#8221;on&#8221;][et_pb_row admin_label=&#8221;Row&#8221; _builder_version=&#8221;4.20.2&#8243; _module_preset=&#8221;default&#8221; global_colors_info=&#8221;{}&#8221; disabled_on=&#8221;off|off|off&#8221;][et_pb_column type=&#8221;4_4&#8243; _builder_version=&#8221;4.20.2&#8243; _module_preset=&#8221;default&#8221; global_colors_info=&#8221;{}&#8221;][et_pb_text _builder_version=&#8221;4.20.2&#8243; _module_preset=&#8221;40665972-1b3c-444b-983f-22df6affa134&#8243; global_colors_info=&#8221;{}&#8221;]<\/p>\n<h1>BINGO GOT even better<\/h1>\n<p>We added more to Bingo. Everything you love stays the same, but with some awesome new extras.<\/p>\n<p>[\/et_pb_text][et_pb_text _builder_version=&#8221;4.20.2&#8243; _module_preset=&#8221;40665972-1b3c-444b-983f-22df6affa134&#8243; global_colors_info=&#8221;{}&#8221;]<\/p>\n<h4>Two more games to enhance you experience<\/h4>\n<p>[\/et_pb_text][\/et_pb_column][\/et_pb_row][et_pb_row column_structure=&#8221;1_2,1_2&#8243; _builder_version=&#8221;4.27.2&#8243; _module_preset=&#8221;default&#8221; custom_padding=&#8221;0px|||||&#8221; global_colors_info=&#8221;{}&#8221;][et_pb_column type=&#8221;1_2&#8243; _builder_version=&#8221;4.20.2&#8243; _module_preset=&#8221;default&#8221; global_colors_info=&#8221;{}&#8221;][et_pb_text module_class=&#8221;card&#8221; _builder_version=&#8221;4.27.2&#8243; _dynamic_attributes=&#8221;link_option_url&#8221; _module_preset=&#8221;40665972-1b3c-444b-983f-22df6affa134&#8243; header_text_align=&#8221;center&#8221; header_font_size=&#8221;1.5rem&#8221; header_2_text_align=&#8221;center&#8221; header_2_font_size=&#8221;1.5rem&#8221; header_3_font=&#8221;Norwester||||||||&#8221; header_3_text_align=&#8221;center&#8221; header_3_font_size=&#8221;1.5rem&#8221; background_color=&#8221;#0C2A49&#8243; text_orientation=&#8221;center&#8221; background_layout=&#8221;dark&#8221; width=&#8221;50%&#8221; module_alignment=&#8221;center&#8221; custom_padding=&#8221;2rem|2rem|2rem|2rem|true|true&#8221; link_option_url=&#8221;@ET-DC@eyJkeW5hbWljIjp0cnVlLCJjb250ZW50IjoicG9zdF9saW5rX3VybF9wYWdlIiwic2V0dGluZ3MiOnsicG9zdF9pZCI6IjEwMzkiLCJlbmFibGVfaHRtbCI6Im9mZiJ9fQ==@&#8221; header_3_font_size_tablet=&#8221;3.16rem&#8221; header_3_font_size_phone=&#8221;1.5rem&#8221; header_3_font_size_last_edited=&#8221;on|phone&#8221; text_orientation_tablet=&#8221;left&#8221; text_orientation_phone=&#8221;left&#8221; text_orientation_last_edited=&#8221;on|tablet&#8221; global_colors_info=&#8221;{}&#8221; transform_styles__hover_enabled=&#8221;on|hover&#8221; transform_scale__hover_enabled=&#8221;on|hover&#8221; transform_translate__hover_enabled=&#8221;on|desktop&#8221; transform_rotate__hover_enabled=&#8221;on|desktop&#8221; transform_skew__hover_enabled=&#8221;on|desktop&#8221; transform_origin__hover_enabled=&#8221;on|desktop&#8221; transform_scale__hover=&#8221;103%|103%&#8221;]<\/p>\n<h2 style=\"padding-bottom: 0\">Betty Biker<\/h2>\n<p>[\/et_pb_text][\/et_pb_column][et_pb_column type=&#8221;1_2&#8243; _builder_version=&#8221;4.20.2&#8243; _module_preset=&#8221;default&#8221; global_colors_info=&#8221;{}&#8221;][et_pb_text module_class=&#8221;card&#8221; _builder_version=&#8221;4.27.2&#8243; _dynamic_attributes=&#8221;link_option_url&#8221; _module_preset=&#8221;40665972-1b3c-444b-983f-22df6affa134&#8243; header_text_align=&#8221;center&#8221; header_2_text_align=&#8221;center&#8221; header_2_font_size=&#8221;1.78rem&#8221; header_3_font=&#8221;Norwester||||||||&#8221; header_3_font_size=&#8221;3.16rem&#8221; background_color=&#8221;#0C2A49&#8243; background_layout=&#8221;dark&#8221; width=&#8221;50%&#8221; module_alignment=&#8221;center&#8221; custom_padding=&#8221;2rem|2rem|2rem|2rem|true|true&#8221; link_option_url=&#8221;@ET-DC@eyJkeW5hbWljIjp0cnVlLCJjb250ZW50IjoicG9zdF9saW5rX3VybF9wYWdlIiwic2V0dGluZ3MiOnsicG9zdF9pZCI6IjEwMzkiLCJlbmFibGVfaHRtbCI6Im9mZiJ9fQ==@&#8221; header_3_font_size_tablet=&#8221;3.16rem&#8221; header_3_font_size_phone=&#8221;1.5rem&#8221; header_3_font_size_last_edited=&#8221;on|phone&#8221; global_colors_info=&#8221;{}&#8221; transform_styles__hover_enabled=&#8221;on|hover&#8221; transform_scale__hover_enabled=&#8221;on|hover&#8221; transform_translate__hover_enabled=&#8221;on|desktop&#8221; transform_rotate__hover_enabled=&#8221;on|desktop&#8221; transform_skew__hover_enabled=&#8221;on|desktop&#8221; transform_origin__hover_enabled=&#8221;on|desktop&#8221; transform_scale__hover=&#8221;103%|103%&#8221;]<\/p>\n<h2 style=\"padding-bottom: 0\">Gumballs<\/h2>\n<p>[\/et_pb_text][\/et_pb_column][\/et_pb_row][\/et_pb_section][et_pb_section fb_built=&#8221;1&#8243; _builder_version=&#8221;4.20.2&#8243; _module_preset=&#8221;default&#8221; background_color=&#8221;#E9EBEF&#8221; locked=&#8221;off&#8221; global_colors_info=&#8221;{}&#8221;][et_pb_row admin_label=&#8221;Row&#8221; _builder_version=&#8221;4.20.2&#8243; _module_preset=&#8221;default&#8221; global_colors_info=&#8221;{}&#8221;][et_pb_column type=&#8221;4_4&#8243; _builder_version=&#8221;4.20.2&#8243; _module_preset=&#8221;default&#8221; global_colors_info=&#8221;{}&#8221;][et_pb_text _builder_version=&#8221;4.20.2&#8243; _module_preset=&#8221;40665972-1b3c-444b-983f-22df6affa134&#8243; global_colors_info=&#8221;{}&#8221;]<\/p>\n<h1>Bingo au RGH<\/h1>\n<p>L&#8217;un des jeux les plus populaires aupr\u00e8s des adultes dans le monde entier ! Rama Gaming House offre une atmosph\u00e8re s\u00e9curitaire et amusante. De plus, nos animateurs de bingo maintiennent l&#8217;action toute la soir\u00e9e et c\u00e9l\u00e8brent chaque victoire ! Amenez vos amis, rencontrez de nouvelles personnes et profitez d&#8217;une exp\u00e9rience de bingo sans pr\u00e9c\u00e9dent !<\/p>\n<p>[\/et_pb_text][et_pb_text _builder_version=&#8221;4.20.2&#8243; _module_preset=&#8221;40665972-1b3c-444b-983f-22df6affa134&#8243; global_colors_info=&#8221;{}&#8221;]<\/p>\n<h4>Choisissez votre emplacement pr\u00e9f\u00e9r\u00e9 pour obtenir les derni\u00e8res informations sur le bingo.<\/h4>\n<p>[\/et_pb_text][\/et_pb_column][\/et_pb_row][et_pb_row column_structure=&#8221;1_2,1_2&#8243; _builder_version=&#8221;4.27.2&#8243; _module_preset=&#8221;default&#8221; custom_padding=&#8221;0px|||||&#8221; global_colors_info=&#8221;{}&#8221;][et_pb_column type=&#8221;1_2&#8243; _builder_version=&#8221;4.20.2&#8243; _module_preset=&#8221;default&#8221; global_colors_info=&#8221;{}&#8221;][et_pb_text module_class=&#8221;card&#8221; _builder_version=&#8221;4.20.4&#8243; _dynamic_attributes=&#8221;link_option_url&#8221; _module_preset=&#8221;40665972-1b3c-444b-983f-22df6affa134&#8243; header_2_font_size=&#8221;1.78rem&#8221; header_3_font=&#8221;Norwester||||||||&#8221; header_3_font_size=&#8221;3.16rem&#8221; background_color=&#8221;#0C2A49&#8243; text_orientation=&#8221;right&#8221; background_layout=&#8221;dark&#8221; custom_padding=&#8221;2rem|2rem|2rem|2rem|true|true&#8221; link_option_url=&#8221;@ET-DC@eyJkeW5hbWljIjp0cnVlLCJjb250ZW50IjoicG9zdF9saW5rX3VybF9wYWdlIiwic2V0dGluZ3MiOnsicG9zdF9pZCI6IjMxOCIsImVuYWJsZV9odG1sIjoib2ZmIn19@&#8221; header_3_font_size_tablet=&#8221;3.16rem&#8221; header_3_font_size_phone=&#8221;1.5rem&#8221; header_3_font_size_last_edited=&#8221;on|phone&#8221; text_orientation_tablet=&#8221;left&#8221; text_orientation_phone=&#8221;left&#8221; text_orientation_last_edited=&#8221;on|tablet&#8221; global_colors_info=&#8221;{}&#8221; transform_styles__hover_enabled=&#8221;on|hover&#8221; transform_scale__hover_enabled=&#8221;on|hover&#8221; transform_translate__hover_enabled=&#8221;on|desktop&#8221; transform_rotate__hover_enabled=&#8221;on|desktop&#8221; transform_skew__hover_enabled=&#8221;on|desktop&#8221; transform_origin__hover_enabled=&#8221;on|desktop&#8221; transform_scale__hover=&#8221;103%|103%&#8221;]<\/p>\n<h2 style=\"padding-bottom: 0\">Rama Gaming House<\/h2>\n<h3>Mississauga<\/h3>\n<p>[\/et_pb_text][\/et_pb_column][et_pb_column type=&#8221;1_2&#8243; _builder_version=&#8221;4.20.2&#8243; _module_preset=&#8221;default&#8221; global_colors_info=&#8221;{}&#8221;][et_pb_text module_class=&#8221;card&#8221; _builder_version=&#8221;4.20.4&#8243; _dynamic_attributes=&#8221;link_option_url&#8221; _module_preset=&#8221;40665972-1b3c-444b-983f-22df6affa134&#8243; header_2_font_size=&#8221;1.78rem&#8221; header_3_font=&#8221;Norwester||||||||&#8221; header_3_font_size=&#8221;3.16rem&#8221; background_color=&#8221;#0C2A49&#8243; background_layout=&#8221;dark&#8221; custom_padding=&#8221;2rem|2rem|2rem|2rem|true|true&#8221; link_option_url=&#8221;@ET-DC@eyJkeW5hbWljIjp0cnVlLCJjb250ZW50IjoicG9zdF9saW5rX3VybF9wYWdlIiwic2V0dGluZ3MiOnsicG9zdF9pZCI6IjMyMCIsImVuYWJsZV9odG1sIjoib2ZmIn19@&#8221; header_3_font_size_tablet=&#8221;3.16rem&#8221; header_3_font_size_phone=&#8221;1.5rem&#8221; header_3_font_size_last_edited=&#8221;on|phone&#8221; global_colors_info=&#8221;{}&#8221; transform_styles__hover_enabled=&#8221;on|hover&#8221; transform_scale__hover_enabled=&#8221;on|hover&#8221; transform_translate__hover_enabled=&#8221;on|desktop&#8221; transform_rotate__hover_enabled=&#8221;on|desktop&#8221; transform_skew__hover_enabled=&#8221;on|desktop&#8221; transform_origin__hover_enabled=&#8221;on|desktop&#8221; transform_scale__hover=&#8221;103%|103%&#8221;]<\/p>\n<h2 style=\"padding-bottom: 0\">Rama Gaming House<\/h2>\n<h3>Scarborough<\/h3>\n<p>[\/et_pb_text][\/et_pb_column][\/et_pb_row][\/et_pb_section]<\/p>\n","protected":false},"excerpt":{"rendered":"<p>BINGO GOT even better We added more to Bingo. Everything you love stays the same, but with some awesome new extras.Two more games to enhance you experienceBetty BikerGumballsBingo au RGH L&#8217;un des jeux les plus populaires aupr\u00e8s des adultes dans le monde entier ! Rama Gaming House offre une atmosph\u00e8re s\u00e9curitaire et amusante. De plus, [&hellip;]<\/p>\n","protected":false},"author":10,"featured_media":0,"parent":0,"menu_order":0,"comment_status":"closed","ping_status":"closed","template":"","meta":{"_et_pb_use_builder":"on","_et_pb_old_content":"","_et_gb_content_width":"","inline_featured_image":false,"iawp_total_views":14,"footnotes":""},"class_list":["post-1436","page","type-page","status-publish","hentry"],"yoast_head":"<!-- This site is optimized with the Yoast SEO plugin v25.2 - https:\/\/yoast.com\/wordpress\/plugins\/seo\/ -->\n<title>Bingo au Rama Gaming House<\/title>\n<meta name=\"description\" content=\"Rama Gaming House offre une atmosph\u00e8re s\u00e9curitaire et amusante. De plus, nos animateurs de bingo maintiennent l&#039;action toute la soir\u00e9e et c\u00e9l\u00e8brent chaque victoire ! Visitez nous aujourd&#039;hui!\" \/>\n<meta name=\"robots\" content=\"index, follow, max-snippet:-1, max-image-preview:large, max-video-preview:-1\" \/>\n<link rel=\"canonical\" href=\"https:\/\/ramagaming.com\/fr\/bingo\/\" \/>\n<meta property=\"og:locale\" content=\"fr_FR\" \/>\n<meta property=\"og:type\" content=\"article\" \/>\n<meta property=\"og:title\" content=\"Bingo au Rama Gaming House\" \/>\n<meta property=\"og:description\" content=\"Rama Gaming House offre une atmosph\u00e8re s\u00e9curitaire et amusante. De plus, nos animateurs de bingo maintiennent l&#039;action toute la soir\u00e9e et c\u00e9l\u00e8brent chaque victoire ! Visitez nous aujourd&#039;hui!\" \/>\n<meta property=\"og:url\" content=\"https:\/\/ramagaming.com\/fr\/bingo\/\" \/>\n<meta property=\"og:site_name\" content=\"Rama Gaming House\" \/>\n<meta property=\"article:publisher\" content=\"https:\/\/www.facebook.com\/ramagaminghouse\" \/>\n<meta property=\"article:modified_time\" content=\"2025-11-24T20:00:29+00:00\" \/>\n<meta name=\"twitter:card\" content=\"summary_large_image\" \/>\n<meta name=\"twitter:site\" content=\"@RamaGamingHouse\" \/>\n<meta name=\"twitter:label1\" content=\"Dur\u00e9e de lecture estim\u00e9e\" \/>\n\t<meta name=\"twitter:data1\" content=\"5 minutes\" \/>\n<!-- \/ Yoast SEO plugin. -->","yoast_head_json":{"title":"Bingo au Rama Gaming House","description":"Rama Gaming House offre une atmosph\u00e8re s\u00e9curitaire et amusante. De plus, nos animateurs de bingo maintiennent l'action toute la soir\u00e9e et c\u00e9l\u00e8brent chaque victoire ! Visitez nous aujourd'hui!","robots":{"index":"index","follow":"follow","max-snippet":"max-snippet:-1","max-image-preview":"max-image-preview:large","max-video-preview":"max-video-preview:-1"},"canonical":"https:\/\/ramagaming.com\/fr\/bingo\/","og_locale":"fr_FR","og_type":"article","og_title":"Bingo au Rama Gaming House","og_description":"Rama Gaming House offre une atmosph\u00e8re s\u00e9curitaire et amusante. De plus, nos animateurs de bingo maintiennent l'action toute la soir\u00e9e et c\u00e9l\u00e8brent chaque victoire ! Visitez nous aujourd'hui!","og_url":"https:\/\/ramagaming.com\/fr\/bingo\/","og_site_name":"Rama Gaming House","article_publisher":"https:\/\/www.facebook.com\/ramagaminghouse","article_modified_time":"2025-11-24T20:00:29+00:00","twitter_card":"summary_large_image","twitter_site":"@RamaGamingHouse","twitter_misc":{"Dur\u00e9e de lecture estim\u00e9e":"5 minutes"},"schema":{"@context":"https:\/\/schema.org","@graph":[{"@type":"WebPage","@id":"https:\/\/ramagaming.com\/fr\/bingo\/","url":"https:\/\/ramagaming.com\/fr\/bingo\/","name":"Bingo au Rama Gaming House","isPartOf":{"@id":"https:\/\/ramagaming.com\/fr\/#website"},"datePublished":"2023-03-27T13:53:14+00:00","dateModified":"2025-11-24T20:00:29+00:00","description":"Rama Gaming House offre une atmosph\u00e8re s\u00e9curitaire et amusante. De plus, nos animateurs de bingo maintiennent l'action toute la soir\u00e9e et c\u00e9l\u00e8brent chaque victoire ! Visitez nous aujourd'hui!","breadcrumb":{"@id":"https:\/\/ramagaming.com\/fr\/bingo\/#breadcrumb"},"inLanguage":"fr-FR","potentialAction":[{"@type":"ReadAction","target":["https:\/\/ramagaming.com\/fr\/bingo\/"]}]},{"@type":"BreadcrumbList","@id":"https:\/\/ramagaming.com\/fr\/bingo\/#breadcrumb","itemListElement":[{"@type":"ListItem","position":1,"name":"Home","item":"https:\/\/ramagaming.com\/fr\/"},{"@type":"ListItem","position":2,"name":"Bingo"}]},{"@type":"WebSite","@id":"https:\/\/ramagaming.com\/fr\/#website","url":"https:\/\/ramagaming.com\/fr\/","name":"Rama Gaming House - Progressive Games & Bingo","description":"Our House is Your House","publisher":{"@id":"https:\/\/ramagaming.com\/fr\/#organization"},"potentialAction":[{"@type":"SearchAction","target":{"@type":"EntryPoint","urlTemplate":"https:\/\/ramagaming.com\/fr\/?s={search_term_string}"},"query-input":{"@type":"PropertyValueSpecification","valueRequired":true,"valueName":"search_term_string"}}],"inLanguage":"fr-FR"},{"@type":"Organization","@id":"https:\/\/ramagaming.com\/fr\/#organization","name":"Rama Gaming House - Progressive Games & Bingo","url":"https:\/\/ramagaming.com\/fr\/","logo":{"@type":"ImageObject","inLanguage":"fr-FR","@id":"https:\/\/ramagaming.com\/fr\/#\/schema\/logo\/image\/","url":"https:\/\/ramagaming.com\/wp-content\/uploads\/RGH-LOGO.svg","contentUrl":"https:\/\/ramagaming.com\/wp-content\/uploads\/RGH-LOGO.svg","width":"1920","height":"1080","caption":"Rama Gaming House - Progressive Games & Bingo"},"image":{"@id":"https:\/\/ramagaming.com\/fr\/#\/schema\/logo\/image\/"},"sameAs":["https:\/\/www.facebook.com\/ramagaminghouse","https:\/\/x.com\/RamaGamingHouse"]}]}},"_links":{"self":[{"href":"https:\/\/ramagaming.com\/fr\/wp-json\/wp\/v2\/pages\/1436","targetHints":{"allow":["GET"]}}],"collection":[{"href":"https:\/\/ramagaming.com\/fr\/wp-json\/wp\/v2\/pages"}],"about":[{"href":"https:\/\/ramagaming.com\/fr\/wp-json\/wp\/v2\/types\/page"}],"author":[{"embeddable":true,"href":"https:\/\/ramagaming.com\/fr\/wp-json\/wp\/v2\/users\/10"}],"replies":[{"embeddable":true,"href":"https:\/\/ramagaming.com\/fr\/wp-json\/wp\/v2\/comments?post=1436"}],"version-history":[{"count":111,"href":"https:\/\/ramagaming.com\/fr\/wp-json\/wp\/v2\/pages\/1436\/revisions"}],"predecessor-version":[{"id":6525,"href":"https:\/\/ramagaming.com\/fr\/wp-json\/wp\/v2\/pages\/1436\/revisions\/6525"}],"wp:attachment":[{"href":"https:\/\/ramagaming.com\/fr\/wp-json\/wp\/v2\/media?parent=1436"}],"curies":[{"name":"wp","href":"https:\/\/api.w.org\/{rel}","templated":true}]}}