{"id":1433,"date":"2023-03-27T09:53:14","date_gmt":"2023-03-27T13:53:14","guid":{"rendered":"https:\/\/ramagaming.com\/jeux\/"},"modified":"2026-04-15T16:06:42","modified_gmt":"2026-04-15T20:06:42","slug":"jeux","status":"publish","type":"page","link":"https:\/\/ramagaming.com\/fr\/jeux\/","title":{"rendered":"Jeux"},"content":{"rendered":"<p>[et_pb_section fb_built=&#8221;1&#8243; _builder_version=&#8221;4.20.2&#8243; _module_preset=&#8221;default&#8221; background_color=&#8221;#E9EBEF&#8221; global_colors_info=&#8221;{}&#8221;][et_pb_row _builder_version=&#8221;4.20.2&#8243; _module_preset=&#8221;default&#8221; global_colors_info=&#8221;{}&#8221;][et_pb_column type=&#8221;4_4&#8243; _builder_version=&#8221;4.20.2&#8243; _module_preset=&#8221;default&#8221; global_colors_info=&#8221;{}&#8221;][et_pb_text _builder_version=&#8221;4.20.2&#8243; _module_preset=&#8221;40665972-1b3c-444b-983f-22df6affa134&#8243; global_colors_info=&#8221;{}&#8221;]<\/p>\n<h1>Les jeux au RGH<\/h1>\n<p>Venez participer! Rama Gaming House propose des jeux s\u00e9curitaires et confortables comme nulle part ailleurs. Nous nous sommes associ\u00e9s aux plus grands fournisseurs de jeux du monde pour vous proposer diff\u00e9rentes exp\u00e9riences th\u00e9matiques, telles que Cl\u00e9op\u00e2tre, Tigre de Sib\u00e9rie, et bien plus encore, afin que tous les joueurs puissent profiter de l&#8217;action.<\/p>\n<p>[\/et_pb_text][et_pb_text _builder_version=&#8221;4.20.2&#8243; _module_preset=&#8221;40665972-1b3c-444b-983f-22df6affa134&#8243; global_colors_info=&#8221;{}&#8221;]<\/p>\n<h4>Choisissez le lieu de votre choix pour voir quels jeux sont propos\u00e9s.<\/h4>\n<p>[\/et_pb_text][\/et_pb_column][\/et_pb_row][et_pb_row column_structure=&#8221;1_2,1_2&#8243; _builder_version=&#8221;4.20.2&#8243; _module_preset=&#8221;default&#8221; custom_padding=&#8221;0px|||||&#8221; global_colors_info=&#8221;{}&#8221;][et_pb_column type=&#8221;1_2&#8243; _builder_version=&#8221;4.20.2&#8243; _module_preset=&#8221;default&#8221; global_colors_info=&#8221;{}&#8221;][et_pb_text module_class=&#8221;card&#8221; _builder_version=&#8221;4.20.4&#8243; _dynamic_attributes=&#8221;link_option_url&#8221; _module_preset=&#8221;40665972-1b3c-444b-983f-22df6affa134&#8243; header_2_font_size=&#8221;1.78rem&#8221; header_3_font=&#8221;Norwester||||||||&#8221; header_3_font_size=&#8221;3.16rem&#8221; background_color=&#8221;#0C2A49&#8243; text_orientation=&#8221;right&#8221; background_layout=&#8221;dark&#8221; custom_padding=&#8221;2rem|2rem|2rem|2rem|true|true&#8221; link_option_url=&#8221;@ET-DC@eyJkeW5hbWljIjp0cnVlLCJjb250ZW50IjoicG9zdF9saW5rX3VybF9wYWdlIiwic2V0dGluZ3MiOnsicG9zdF9pZCI6IjMxNCIsImVuYWJsZV9odG1sIjoib2ZmIn19@&#8221; hover_enabled=&#8221;0&#8243; header_3_font_size_tablet=&#8221;3.16rem&#8221; header_3_font_size_phone=&#8221;1.5rem&#8221; header_3_font_size_last_edited=&#8221;on|phone&#8221; text_orientation_tablet=&#8221;left&#8221; text_orientation_phone=&#8221;left&#8221; text_orientation_last_edited=&#8221;on|tablet&#8221; global_colors_info=&#8221;{}&#8221; transform_styles__hover_enabled=&#8221;on|hover&#8221; transform_scale__hover_enabled=&#8221;on|hover&#8221; transform_translate__hover_enabled=&#8221;on|desktop&#8221; transform_rotate__hover_enabled=&#8221;on|desktop&#8221; transform_skew__hover_enabled=&#8221;on|desktop&#8221; transform_origin__hover_enabled=&#8221;on|desktop&#8221; transform_scale__hover=&#8221;103%|103%&#8221; sticky_enabled=&#8221;0&#8243;]<\/p>\n<h2 style=\"padding-bottom: 0\">Rama Gaming House<\/h2>\n<h3>Mississauga<\/h3>\n<p>[\/et_pb_text][\/et_pb_column][et_pb_column type=&#8221;1_2&#8243; _builder_version=&#8221;4.20.2&#8243; _module_preset=&#8221;default&#8221; global_colors_info=&#8221;{}&#8221;][et_pb_text module_class=&#8221;card&#8221; _builder_version=&#8221;4.20.4&#8243; _dynamic_attributes=&#8221;link_option_url&#8221; _module_preset=&#8221;40665972-1b3c-444b-983f-22df6affa134&#8243; header_2_font_size=&#8221;1.78rem&#8221; header_3_font=&#8221;Norwester||||||||&#8221; header_3_font_size=&#8221;3.16rem&#8221; background_color=&#8221;#0C2A49&#8243; background_layout=&#8221;dark&#8221; custom_padding=&#8221;2rem|2rem|2rem|2rem|true|true&#8221; link_option_url=&#8221;@ET-DC@eyJkeW5hbWljIjp0cnVlLCJjb250ZW50IjoicG9zdF9saW5rX3VybF9wYWdlIiwic2V0dGluZ3MiOnsicG9zdF9pZCI6IjMxNiIsImVuYWJsZV9odG1sIjoib2ZmIn19@&#8221; header_3_font_size_tablet=&#8221;3.16rem&#8221; header_3_font_size_phone=&#8221;1.5rem&#8221; header_3_font_size_last_edited=&#8221;on|phone&#8221; global_colors_info=&#8221;{}&#8221; transform_styles__hover_enabled=&#8221;on|hover&#8221; transform_scale__hover_enabled=&#8221;on|hover&#8221; transform_translate__hover_enabled=&#8221;on|desktop&#8221; transform_rotate__hover_enabled=&#8221;on|desktop&#8221; transform_skew__hover_enabled=&#8221;on|desktop&#8221; transform_origin__hover_enabled=&#8221;on|desktop&#8221; transform_scale__hover=&#8221;103%|103%&#8221;]<\/p>\n<h2 style=\"padding-bottom: 0\">Rama Gaming House<\/h2>\n<h3>Scarborough<\/h3>\n<p>[\/et_pb_text][\/et_pb_column][\/et_pb_row][\/et_pb_section]<\/p>\n","protected":false},"excerpt":{"rendered":"<p>Les jeux au RGH Venez participer! Rama Gaming House propose des jeux s\u00e9curitaires et confortables comme nulle part ailleurs. Nous nous sommes associ\u00e9s aux plus grands fournisseurs de jeux du monde pour vous proposer diff\u00e9rentes exp\u00e9riences th\u00e9matiques, telles que Cl\u00e9op\u00e2tre, Tigre de Sib\u00e9rie, et bien plus encore, afin que tous les joueurs puissent profiter de [&hellip;]<\/p>\n","protected":false},"author":10,"featured_media":0,"parent":0,"menu_order":0,"comment_status":"closed","ping_status":"closed","template":"","meta":{"_et_pb_use_builder":"on","_et_pb_old_content":"","_et_gb_content_width":"","inline_featured_image":false,"iawp_total_views":16,"footnotes":""},"class_list":["post-1433","page","type-page","status-publish","hentry"],"yoast_head":"<!-- This site is optimized with the Yoast SEO plugin v25.2 - https:\/\/yoast.com\/wordpress\/plugins\/seo\/ -->\n<title>Jeux - Rama Gaming House<\/title>\n<meta name=\"robots\" content=\"index, follow, max-snippet:-1, max-image-preview:large, max-video-preview:-1\" \/>\n<link rel=\"canonical\" href=\"https:\/\/ramagaming.com\/fr\/jeux\/\" \/>\n<meta property=\"og:locale\" content=\"fr_FR\" \/>\n<meta property=\"og:type\" content=\"article\" \/>\n<meta property=\"og:title\" content=\"Jeux - Rama Gaming House\" \/>\n<meta property=\"og:description\" content=\"Les jeux au RGH Venez participer! Rama Gaming House propose des jeux s\u00e9curitaires et confortables comme nulle part ailleurs. Nous nous sommes associ\u00e9s aux plus grands fournisseurs de jeux du monde pour vous proposer diff\u00e9rentes exp\u00e9riences th\u00e9matiques, telles que Cl\u00e9op\u00e2tre, Tigre de Sib\u00e9rie, et bien plus encore, afin que tous les joueurs puissent profiter de [&hellip;]\" \/>\n<meta property=\"og:url\" content=\"https:\/\/ramagaming.com\/fr\/jeux\/\" \/>\n<meta property=\"og:site_name\" content=\"Rama Gaming House\" \/>\n<meta property=\"article:publisher\" content=\"https:\/\/www.facebook.com\/ramagaminghouse\" \/>\n<meta property=\"article:modified_time\" content=\"2026-04-15T20:06:42+00:00\" \/>\n<meta name=\"twitter:card\" content=\"summary_large_image\" \/>\n<meta name=\"twitter:site\" content=\"@RamaGamingHouse\" \/>\n<meta name=\"twitter:label1\" content=\"Dur\u00e9e de lecture estim\u00e9e\" \/>\n\t<meta name=\"twitter:data1\" content=\"3 minutes\" \/>\n<!-- \/ Yoast SEO plugin. -->","yoast_head_json":{"title":"Jeux - Rama Gaming House","robots":{"index":"index","follow":"follow","max-snippet":"max-snippet:-1","max-image-preview":"max-image-preview:large","max-video-preview":"max-video-preview:-1"},"canonical":"https:\/\/ramagaming.com\/fr\/jeux\/","og_locale":"fr_FR","og_type":"article","og_title":"Jeux - Rama Gaming House","og_description":"Les jeux au RGH Venez participer! Rama Gaming House propose des jeux s\u00e9curitaires et confortables comme nulle part ailleurs. Nous nous sommes associ\u00e9s aux plus grands fournisseurs de jeux du monde pour vous proposer diff\u00e9rentes exp\u00e9riences th\u00e9matiques, telles que Cl\u00e9op\u00e2tre, Tigre de Sib\u00e9rie, et bien plus encore, afin que tous les joueurs puissent profiter de [&hellip;]","og_url":"https:\/\/ramagaming.com\/fr\/jeux\/","og_site_name":"Rama Gaming House","article_publisher":"https:\/\/www.facebook.com\/ramagaminghouse","article_modified_time":"2026-04-15T20:06:42+00:00","twitter_card":"summary_large_image","twitter_site":"@RamaGamingHouse","twitter_misc":{"Dur\u00e9e de lecture estim\u00e9e":"3 minutes"},"schema":{"@context":"https:\/\/schema.org","@graph":[{"@type":"WebPage","@id":"https:\/\/ramagaming.com\/fr\/jeux\/","url":"https:\/\/ramagaming.com\/fr\/jeux\/","name":"Jeux - Rama Gaming House","isPartOf":{"@id":"https:\/\/ramagaming.com\/fr\/#website"},"datePublished":"2023-03-27T13:53:14+00:00","dateModified":"2026-04-15T20:06:42+00:00","breadcrumb":{"@id":"https:\/\/ramagaming.com\/fr\/jeux\/#breadcrumb"},"inLanguage":"fr-FR","potentialAction":[{"@type":"ReadAction","target":["https:\/\/ramagaming.com\/fr\/jeux\/"]}]},{"@type":"BreadcrumbList","@id":"https:\/\/ramagaming.com\/fr\/jeux\/#breadcrumb","itemListElement":[{"@type":"ListItem","position":1,"name":"Home","item":"https:\/\/ramagaming.com\/fr\/"},{"@type":"ListItem","position":2,"name":"Jeux"}]},{"@type":"WebSite","@id":"https:\/\/ramagaming.com\/fr\/#website","url":"https:\/\/ramagaming.com\/fr\/","name":"Rama Gaming House - Progressive Games & Bingo","description":"Our House is Your House","publisher":{"@id":"https:\/\/ramagaming.com\/fr\/#organization"},"potentialAction":[{"@type":"SearchAction","target":{"@type":"EntryPoint","urlTemplate":"https:\/\/ramagaming.com\/fr\/?s={search_term_string}"},"query-input":{"@type":"PropertyValueSpecification","valueRequired":true,"valueName":"search_term_string"}}],"inLanguage":"fr-FR"},{"@type":"Organization","@id":"https:\/\/ramagaming.com\/fr\/#organization","name":"Rama Gaming House - Progressive Games & Bingo","url":"https:\/\/ramagaming.com\/fr\/","logo":{"@type":"ImageObject","inLanguage":"fr-FR","@id":"https:\/\/ramagaming.com\/fr\/#\/schema\/logo\/image\/","url":"https:\/\/ramagaming.com\/wp-content\/uploads\/RGH-LOGO.svg","contentUrl":"https:\/\/ramagaming.com\/wp-content\/uploads\/RGH-LOGO.svg","width":"1920","height":"1080","caption":"Rama Gaming House - Progressive Games & Bingo"},"image":{"@id":"https:\/\/ramagaming.com\/fr\/#\/schema\/logo\/image\/"},"sameAs":["https:\/\/www.facebook.com\/ramagaminghouse","https:\/\/x.com\/RamaGamingHouse"]}]}},"_links":{"self":[{"href":"https:\/\/ramagaming.com\/fr\/wp-json\/wp\/v2\/pages\/1433","targetHints":{"allow":["GET"]}}],"collection":[{"href":"https:\/\/ramagaming.com\/fr\/wp-json\/wp\/v2\/pages"}],"about":[{"href":"https:\/\/ramagaming.com\/fr\/wp-json\/wp\/v2\/types\/page"}],"author":[{"embeddable":true,"href":"https:\/\/ramagaming.com\/fr\/wp-json\/wp\/v2\/users\/10"}],"replies":[{"embeddable":true,"href":"https:\/\/ramagaming.com\/fr\/wp-json\/wp\/v2\/comments?post=1433"}],"version-history":[{"count":243,"href":"https:\/\/ramagaming.com\/fr\/wp-json\/wp\/v2\/pages\/1433\/revisions"}],"predecessor-version":[{"id":8927,"href":"https:\/\/ramagaming.com\/fr\/wp-json\/wp\/v2\/pages\/1433\/revisions\/8927"}],"wp:attachment":[{"href":"https:\/\/ramagaming.com\/fr\/wp-json\/wp\/v2\/media?parent=1433"}],"curies":[{"name":"wp","href":"https:\/\/api.w.org\/{rel}","templated":true}]}}